{"id":13188,"date":"2026-01-19T13:58:49","date_gmt":"2026-01-19T12:58:49","guid":{"rendered":"https:\/\/www.arekdrozdek.com\/?page_id=13188"},"modified":"2026-01-20T18:31:14","modified_gmt":"2026-01-20T17:31:14","slug":"oferta-2","status":"publish","type":"page","link":"https:\/\/www.arekdrozdek.com\/index.php\/oferta-2\/","title":{"rendered":"Oferta 2"},"content":{"rendered":"\t\t<div data-elementor-type=\"wp-page\" data-elementor-id=\"13188\" class=\"elementor elementor-13188\">\n\t\t\t\t<div class=\"elementor-element elementor-element-2cf162df e-flex e-con-boxed jltma-glass-effect-no e-con e-parent\" data-id=\"2cf162df\" data-element_type=\"container\">\n\t\t\t\t\t<div class=\"e-con-inner\">\n\t\t<div class=\"elementor-element elementor-element-7581d855 e-con-full e-flex jltma-glass-effect-no e-con e-child\" data-id=\"7581d855\" data-element_type=\"container\">\n\t\t\t\t<div class=\"elementor-element elementor-element-7f33653f jltma-glass-effect-no elementor-widget elementor-widget-Section Title\" data-id=\"7f33653f\" data-element_type=\"widget\" data-widget_type=\"Section Title.default\">\n\t\t\t\t<div class=\"elementor-widget-container\">\n\t\t\t\t\t\t\t<div class=\"tt-section-title justify shape-bottom\">\r\n\t\t\t\t\t\t\t\t\t\t<h2 class=\"section-heading\">Plan II<\/h2>\r\n\t\t\t\t\t\t\t\t\t\t<p>To pakiet dla par, kt\u00f3re chc\u0105 mie\u0107 kompletn\u0105 i spokojnie opowiedzian\u0105 histori\u0119 ca\u0142ego dnia \u015blubu \u2013 od przygotowa\u0144 po p\u00f3\u017ane godziny wesela. Reporta\u017c do 12 godzin daje pe\u0142en komfort czasowy i pozwala uchwyci\u0107 zar\u00f3wno kluczowe momenty, jak i emocjonalne detale. Kr\u00f3tka sesja w dniu \u015blubu, sesja portretowa oraz zdj\u0119cia grupowe zapewniaj\u0105 naturalne i eleganckie uj\u0119cia Pary M\u0142odej oraz bliskich. Minimum 500 profesjonalnie obrobionych zdj\u0119\u0107, galeria online oraz starannie zaprojektowana fotoksi\u0105\u017cka tworz\u0105 sp\u00f3jny, wysokiej jako\u015bci zestaw, kt\u00f3ry gwarantuje, \u017ce \u017caden wa\u017cny moment nie zostanie pomini\u0119ty.<\/P>\r\n\t\t\t\t\t<\/div>\r\n\t\t\t\t<\/div>\n\t\t\t\t<\/div>\n\t\t\t\t<div data-jltma-wrapper-link=\"{&quot;url&quot;:&quot;https:\\\/\\\/www.arekdrozdek.com\\\/index.php\\\/contact-us\\\/&quot;,&quot;is_external&quot;:&quot;&quot;,&quot;nofollow&quot;:&quot;&quot;}\" style=\"cursor: pointer\" class=\"elementor-element elementor-element-32b5385a btn btn-secondary jltma-glass-effect-no elementor-widget elementor-widget-button\" data-id=\"32b5385a\" data-element_type=\"widget\" data-widget_type=\"button.default\">\n\t\t\t\t\t\t\t\t\t\t<a class=\"elementor-button elementor-button-link elementor-size-sm\" href=\"#\">\n\t\t\t\t\t\t<span class=\"elementor-button-content-wrapper\">\n\t\t\t\t\t\t\t\t\t<span class=\"elementor-button-text\">zarezerwuj<\/span>\n\t\t\t\t\t<\/span>\n\t\t\t\t\t<\/a>\n\t\t\t\t\t\t\t\t<\/div>\n\t\t\t\t<\/div>\n\t\t<div class=\"elementor-element elementor-element-1ac51626 e-con-full e-flex jltma-glass-effect-no e-con e-child\" data-id=\"1ac51626\" data-element_type=\"container\">\n\t\t<div class=\"elementor-element elementor-element-375a52c9 e-con-full hover-img e-flex jltma-glass-effect-no e-con e-child\" data-id=\"375a52c9\" data-element_type=\"container\">\n\t\t<div class=\"elementor-element elementor-element-39570525 e-con-full e-flex jltma-glass-effect-no e-con e-child\" data-id=\"39570525\" data-element_type=\"container\">\n\t\t\t\t<div class=\"elementor-element elementor-element-55ae383e jltma-glass-effect-no elementor-widget elementor-widget-image\" data-id=\"55ae383e\" data-element_type=\"widget\" data-widget_type=\"image.default\">\n\t\t\t\t\t\t\t\t\t\t\t\t\t\t\t<img fetchpriority=\"high\" decoding=\"async\" width=\"640\" height=\"960\" src=\"https:\/\/www.arekdrozdek.com\/wp-content\/uploads\/2026\/01\/SylwiaMikolaj-334-683x1024.jpg\" class=\"attachment-large size-large wp-image-12740\" alt=\"\" srcset=\"https:\/\/www.arekdrozdek.com\/wp-content\/uploads\/2026\/01\/SylwiaMikolaj-334-683x1024.jpg 683w, https:\/\/www.arekdrozdek.com\/wp-content\/uploads\/2026\/01\/SylwiaMikolaj-334-200x300.jpg 200w, https:\/\/www.arekdrozdek.com\/wp-content\/uploads\/2026\/01\/SylwiaMikolaj-334-768x1152.jpg 768w, https:\/\/www.arekdrozdek.com\/wp-content\/uploads\/2026\/01\/SylwiaMikolaj-334-1024x1536.jpg 1024w, https:\/\/www.arekdrozdek.com\/wp-content\/uploads\/2026\/01\/SylwiaMikolaj-334-1365x2048.jpg 1365w, https:\/\/www.arekdrozdek.com\/wp-content\/uploads\/2026\/01\/SylwiaMikolaj-334-scaled.jpg 1707w\" sizes=\"(max-width: 640px) 100vw, 640px\" \/>\t\t\t\t\t\t\t\t\t\t\t\t\t\t\t<\/div>\n\t\t\t\t<\/div>\n\t\t\t\t<\/div>\n\t\t\t\t<\/div>\n\t\t\t\t\t<\/div>\n\t\t\t\t<\/div>\n\t\t<div class=\"elementor-element elementor-element-78b1ca84 section-bg-color e-con-full e-flex jltma-glass-effect-no e-con e-parent\" data-id=\"78b1ca84\" data-element_type=\"container\">\n\t\t<div class=\"elementor-element elementor-element-17d8932b e-con-full e-flex jltma-glass-effect-no e-con e-child\" data-id=\"17d8932b\" data-element_type=\"container\">\n\t\t\t\t<\/div>\n\t\t<div class=\"elementor-element elementor-element-7e601d98 e-con-full e-flex jltma-glass-effect-no e-con e-child\" data-id=\"7e601d98\" data-element_type=\"container\">\n\t\t<div class=\"elementor-element elementor-element-2ee89d06 e-con-full e-flex jltma-glass-effect-no e-con e-child\" data-id=\"2ee89d06\" data-element_type=\"container\">\n\t\t\t\t<\/div>\n\t\t<div class=\"elementor-element elementor-element-7a0a34e5 e-con-full e-flex jltma-glass-effect-no e-con e-child\" data-id=\"7a0a34e5\" data-element_type=\"container\">\n\t\t\t\t<div data-jltma-wrapper-link=\"{&quot;url&quot;:&quot;https:\\\/\\\/www.arekdrozdek.com\\\/index.php\\\/contact-us\\\/&quot;,&quot;is_external&quot;:&quot;&quot;,&quot;nofollow&quot;:&quot;&quot;}\" style=\"cursor: pointer\" class=\"elementor-element elementor-element-849b352 jltma-glass-effect-no elementor-widget elementor-widget-Price Table\" data-id=\"849b352\" data-element_type=\"widget\" data-widget_type=\"Price Table.default\">\n\t\t\t\t<div class=\"elementor-widget-container\">\n\t\t\t\t\t\n\t\t<div class=\"pricing-list bounce-invert price-style-2\">\n\t\t\t\t\t\t<ul class=\"pricing-wrapper\">\n\t\t\t\t<!-- Month -->\n\t\t\t\t<li data-type=\"monthly\" class=\"is-visible month\">\n\t\t\t\t\t<span>bestseller<\/span>\t\t\t\t\t<div class=\"tt-feature-box-containt\">\n\t\t\t\t\t\t\t\t\t\t\t\t\t<h4 class=\"tt-feature-box-title\">Plan 2 -Pe\u0142ny reporta\u017c<\/h4>\n\t\t\t\t\t\t\t\t\t\t\t\t\t\t\t\t\t\t\t<p>plan zawiera 12 godzin pracy oraz sesj\u0119 plenerow\u0105 w tym samym dniu<\/p>\n\t\t\t\t\t\t\t\t\t\t\t<\/div>\n\t\t\t\t\t\t\t\t\t\t\t<div class=\"price-style\">\n\t\t\t\t\t\t\t\t\t\t\t\t\n\t\t\t\t\t\t<div class=\"month-price\">\n\t\t\t\t\t\t\t<p>pln<\/p><span>4700<\/span>\n\t\t\t\t\t\t<\/div>\n\t\t\t\t\t\t\t\t\t\t\t<\/div>\n\t\t\t\t\t\t\t\t\t\t\t\t<a class=\"banner-button btn btn-primary\" href=\"#\" target=\"\">\n\t\t\t\t\t\t\tzarezerwuj\t\t\t\t\t\t<\/a>\n\t\t\t\t\t\t\t\t\t\t<div class=\"pricing-body\">\n\t\t\t\t\t\t<ul class=\"pricing-features\">\n\t\t\t\t\t\t\t <li> do 12 godzin reporta\u017cu <\/li> <li> kr\u00f3tka sesja w dniu \u015blubu <\/li> <li> Sesja portretowa i zdj\u0119cia grupowe  <\/li> <li> min. 500 zdj\u0119\u0107 w formie cyfrowej <\/li> <li> galeria on -line <\/li> <li> fotoksi\u0105\u017cka <\/li>\t\t\t\t\t\t<\/ul>\n\t\t\t\t\t<\/div>\n\t\t\t\t<\/li>\n\t\t\t\t<!-- Year -->\n\t\t\t\t<li data-type=\"yearly\" class=\"is-hidden year\">\n\t\t\t\t\t<span>bestseller<\/span>\t\t\t\t\t<div class=\"tt-feature-box-containt\">\n\t\t\t\t\t\t\t\t\t\t\t\t\t<h4 class=\"tt-feature-box-title\">Plan 2 -Pe\u0142ny reporta\u017c<\/h4>\n\t\t\t\t\t\t\t\t\t\t\t\t\t\t\t\t\t\t\t<p>plan zawiera 12 godzin pracy oraz sesj\u0119 plenerow\u0105 w tym samym dniu<\/p>\n\t\t\t\t\t\t\t\t\t\t\t<\/div>\n\t\t\t\t\t\t\t\t\t\t\t\t\t<div class=\"price-style\">\n\t\t\t\t\t\t\t\t\t\t\t\t\t\t\t<div class=\"year-price\">\n\t\t\t\t\t\t\t\t\t<p>$<\/p><span>699<\/span>\n\t\t\t\t\t\t\t\t<\/div>\n\t\t\t\t\t\t\t\t\t\t\t\t\t\t\t<\/div>\n\t\t\t\t\t\t\t\t\t\t\t\t\t\t<a class=\"banner-button btn btn-primary\" href=\"#\" target=\"\">\n\t\t\t\t\t\t\t\tzarezerwuj\t\t\t\t\t\t\t<\/a>\n\t\t\t\t\t\t\t\t\t\t<div class=\"pricing-body\">\n\t\t\t\t\t\t<ul class=\"pricing-features\">\n\t\t\t\t\t\t\t <li> do 12 godzin reporta\u017cu <\/li> <li> kr\u00f3tka sesja w dniu \u015blubu <\/li> <li> Sesja portretowa i zdj\u0119cia grupowe  <\/li> <li> min. 500 zdj\u0119\u0107 w formie cyfrowej <\/li> <li> galeria on -line <\/li> <li> fotoksi\u0105\u017cka <\/li>\t\t\t\t\t\t<\/ul>\n\t\t\t\t\t<\/div>\n\t\t\t\t<\/li>\n\t\t\t<\/ul>\t\t<\/div>\n\n\t\t\t\t\t\t<\/div>\n\t\t\t\t<\/div>\n\t\t\t\t<\/div>\n\t\t<div class=\"elementor-element elementor-element-277c402d e-con-full e-flex jltma-glass-effect-no e-con e-child\" data-id=\"277c402d\" data-element_type=\"container\">\n\t\t\t\t<\/div>\n\t\t\t\t<\/div>\n\t\t\t\t<\/div>\n\t\t\t\t<\/div>\n\t\t","protected":false},"excerpt":{"rendered":"<p>Plan II To pakiet dla par, kt\u00f3re chc\u0105 mie\u0107 kompletn\u0105 i spokojnie opowiedzian\u0105 histori\u0119 ca\u0142ego dnia \u015blubu \u2013 od przygotowa\u0144 [&hellip;]<\/p>\n","protected":false},"author":1,"featured_media":0,"parent":0,"menu_order":0,"comment_status":"closed","ping_status":"closed","template":"","meta":{"footnotes":""},"class_list":["post-13188","page","type-page","status-publish","hentry"],"_links":{"self":[{"href":"https:\/\/www.arekdrozdek.com\/index.php\/wp-json\/wp\/v2\/pages\/13188","targetHints":{"allow":["GET"]}}],"collection":[{"href":"https:\/\/www.arekdrozdek.com\/index.php\/wp-json\/wp\/v2\/pages"}],"about":[{"href":"https:\/\/www.arekdrozdek.com\/index.php\/wp-json\/wp\/v2\/types\/page"}],"author":[{"embeddable":true,"href":"https:\/\/www.arekdrozdek.com\/index.php\/wp-json\/wp\/v2\/users\/1"}],"replies":[{"embeddable":true,"href":"https:\/\/www.arekdrozdek.com\/index.php\/wp-json\/wp\/v2\/comments?post=13188"}],"version-history":[{"count":13,"href":"https:\/\/www.arekdrozdek.com\/index.php\/wp-json\/wp\/v2\/pages\/13188\/revisions"}],"predecessor-version":[{"id":13322,"href":"https:\/\/www.arekdrozdek.com\/index.php\/wp-json\/wp\/v2\/pages\/13188\/revisions\/13322"}],"wp:attachment":[{"href":"https:\/\/www.arekdrozdek.com\/index.php\/wp-json\/wp\/v2\/media?parent=13188"}],"curies":[{"name":"wp","href":"https:\/\/api.w.org\/{rel}","templated":true}]}}