{"id":13193,"date":"2026-01-19T14:06:16","date_gmt":"2026-01-19T13:06:16","guid":{"rendered":"https:\/\/www.arekdrozdek.com\/?page_id=13193"},"modified":"2026-01-20T18:33:51","modified_gmt":"2026-01-20T17:33:51","slug":"oferta-3","status":"publish","type":"page","link":"https:\/\/www.arekdrozdek.com\/index.php\/oferta-3\/","title":{"rendered":"Oferta 3"},"content":{"rendered":"\t\t<div data-elementor-type=\"wp-page\" data-elementor-id=\"13193\" class=\"elementor elementor-13193\">\n\t\t\t\t<div class=\"elementor-element elementor-element-2cf162df e-flex e-con-boxed jltma-glass-effect-no e-con e-parent\" data-id=\"2cf162df\" data-element_type=\"container\">\n\t\t\t\t\t<div class=\"e-con-inner\">\n\t\t<div class=\"elementor-element elementor-element-7581d855 e-con-full e-flex jltma-glass-effect-no e-con e-child\" data-id=\"7581d855\" data-element_type=\"container\">\n\t\t\t\t<div class=\"elementor-element elementor-element-7f33653f jltma-glass-effect-no elementor-widget elementor-widget-Section Title\" data-id=\"7f33653f\" data-element_type=\"widget\" data-widget_type=\"Section Title.default\">\n\t\t\t\t<div class=\"elementor-widget-container\">\n\t\t\t\t\t\t\t<div class=\"tt-section-title justify shape-bottom\">\r\n\t\t\t\t\t\t\t\t\t\t<h2 class=\"section-heading\">Plan III<\/h2>\r\n\t\t\t\t\t\t\t\t\t\t<p>Ten pakiet jest dla par, kt\u00f3re chc\u0105 otrzyma\u0107 najbardziej kompletn\u0105 i dopracowan\u0105 pami\u0105tk\u0119 ze swojego \u015blubu, bez kompromis\u00f3w i presji czasu. Reporta\u017c do 14 godzin dokumentuje ca\u0142y dzie\u0144, od przygotowa\u0144 po p\u00f3\u017ane godziny wesela, tworz\u0105c sp\u00f3jn\u0105, narracyjn\u0105 histori\u0119. Kr\u00f3tka sesja w dniu \u015blubu uchwyca naturalne, emocjonalne momenty, a sesja portretowa oraz zdj\u0119cia grupowe zapewniaj\u0105 eleganckie fotografie Pary M\u0142odej i bliskich. Plener w innym dniu, z mo\u017cliwo\u015bci\u0105 u\u017cycia drona, pozwala na kreatywne, spokojne uj\u0119cia w wybranym miejscu. Pakiet obejmuje 750 profesjonalnie obrobionych zdj\u0119\u0107, galeri\u0119 online do wygodnego przegl\u0105dania i fotoksi\u0105\u017ck\u0119, kt\u00f3ra w elegancki spos\u00f3b opowiada histori\u0119 Waszego \u015blubu. To rozwi\u0105zanie dla par, kt\u00f3re ceni\u0105 czas, jako\u015b\u0107 i swobod\u0119, oraz chc\u0105 mie\u0107 pi\u0119kne fotografie na lata.<\/P>\r\n\t\t\t\t\t<\/div>\r\n\t\t\t\t<\/div>\n\t\t\t\t<\/div>\n\t\t\t\t<div data-jltma-wrapper-link=\"{&quot;url&quot;:&quot;https:\\\/\\\/www.arekdrozdek.com\\\/index.php\\\/contact-us\\\/&quot;,&quot;is_external&quot;:&quot;&quot;,&quot;nofollow&quot;:&quot;&quot;}\" style=\"cursor: pointer\" class=\"elementor-element elementor-element-32b5385a btn btn-secondary jltma-glass-effect-no elementor-widget elementor-widget-button\" data-id=\"32b5385a\" data-element_type=\"widget\" data-widget_type=\"button.default\">\n\t\t\t\t\t\t\t\t\t\t<a class=\"elementor-button elementor-button-link elementor-size-sm\" href=\"#\">\n\t\t\t\t\t\t<span class=\"elementor-button-content-wrapper\">\n\t\t\t\t\t\t\t\t\t<span class=\"elementor-button-text\">zarezerwuj<\/span>\n\t\t\t\t\t<\/span>\n\t\t\t\t\t<\/a>\n\t\t\t\t\t\t\t\t<\/div>\n\t\t\t\t<\/div>\n\t\t<div class=\"elementor-element elementor-element-1ac51626 e-con-full e-flex jltma-glass-effect-no e-con e-child\" data-id=\"1ac51626\" data-element_type=\"container\">\n\t\t<div class=\"elementor-element elementor-element-375a52c9 e-con-full hover-img e-flex jltma-glass-effect-no e-con e-child\" data-id=\"375a52c9\" data-element_type=\"container\">\n\t\t<div class=\"elementor-element elementor-element-39570525 e-con-full e-flex jltma-glass-effect-no e-con e-child\" data-id=\"39570525\" data-element_type=\"container\">\n\t\t\t\t<div class=\"elementor-element elementor-element-55ae383e jltma-glass-effect-no elementor-widget elementor-widget-image\" data-id=\"55ae383e\" data-element_type=\"widget\" data-widget_type=\"image.default\">\n\t\t\t\t\t\t\t\t\t\t\t\t\t\t\t<img fetchpriority=\"high\" decoding=\"async\" width=\"640\" height=\"960\" src=\"https:\/\/www.arekdrozdek.com\/wp-content\/uploads\/2026\/01\/SylwiaMikolaj-334-683x1024.jpg\" class=\"attachment-large size-large wp-image-12740\" alt=\"\" srcset=\"https:\/\/www.arekdrozdek.com\/wp-content\/uploads\/2026\/01\/SylwiaMikolaj-334-683x1024.jpg 683w, https:\/\/www.arekdrozdek.com\/wp-content\/uploads\/2026\/01\/SylwiaMikolaj-334-200x300.jpg 200w, https:\/\/www.arekdrozdek.com\/wp-content\/uploads\/2026\/01\/SylwiaMikolaj-334-768x1152.jpg 768w, https:\/\/www.arekdrozdek.com\/wp-content\/uploads\/2026\/01\/SylwiaMikolaj-334-1024x1536.jpg 1024w, https:\/\/www.arekdrozdek.com\/wp-content\/uploads\/2026\/01\/SylwiaMikolaj-334-1365x2048.jpg 1365w, https:\/\/www.arekdrozdek.com\/wp-content\/uploads\/2026\/01\/SylwiaMikolaj-334-scaled.jpg 1707w\" sizes=\"(max-width: 640px) 100vw, 640px\" \/>\t\t\t\t\t\t\t\t\t\t\t\t\t\t\t<\/div>\n\t\t\t\t<\/div>\n\t\t\t\t<\/div>\n\t\t\t\t<\/div>\n\t\t\t\t\t<\/div>\n\t\t\t\t<\/div>\n\t\t<div class=\"elementor-element elementor-element-78b1ca84 section-bg-color e-con-full e-flex jltma-glass-effect-no e-con e-parent\" data-id=\"78b1ca84\" data-element_type=\"container\">\n\t\t<div class=\"elementor-element elementor-element-7e601d98 e-con-full e-flex jltma-glass-effect-no e-con e-child\" data-id=\"7e601d98\" data-element_type=\"container\">\n\t\t<div class=\"elementor-element elementor-element-2ee89d06 e-con-full e-flex jltma-glass-effect-no e-con e-child\" data-id=\"2ee89d06\" data-element_type=\"container\">\n\t\t\t\t<\/div>\n\t\t<div class=\"elementor-element elementor-element-7a0a34e5 e-con-full e-flex jltma-glass-effect-no e-con e-child\" data-id=\"7a0a34e5\" data-element_type=\"container\">\n\t\t\t\t<div data-jltma-wrapper-link=\"{&quot;url&quot;:&quot;https:\\\/\\\/www.arekdrozdek.com\\\/index.php\\\/contact-us\\\/&quot;,&quot;is_external&quot;:&quot;&quot;,&quot;nofollow&quot;:&quot;&quot;}\" style=\"cursor: pointer\" class=\"elementor-element elementor-element-1bb402d jltma-glass-effect-no elementor-widget elementor-widget-Price Table\" data-id=\"1bb402d\" data-element_type=\"widget\" data-widget_type=\"Price Table.default\">\n\t\t\t\t<div class=\"elementor-widget-container\">\n\t\t\t\t\t\n\t\t<div class=\"pricing-list bounce-invert price-style-2\">\n\t\t\t\t\t\t<ul class=\"pricing-wrapper\">\n\t\t\t\t<!-- Month -->\n\t\t\t\t<li data-type=\"monthly\" class=\"is-visible month\">\n\t\t\t\t\t\t\t\t\t\t<div class=\"tt-feature-box-containt\">\n\t\t\t\t\t\t\t\t\t\t\t\t\t<h4 class=\"tt-feature-box-title\">Plan 3 -Reporta\u017c - plener-abum-dron<\/h4>\n\t\t\t\t\t\t\t\t\t\t\t\t\t\t\t\t\t\t\t<p>plan zawiera do 14 godzin pracy, sesj\u0119 plenerow\u0105 w innym dniu, album i dron <\/p>\n\t\t\t\t\t\t\t\t\t\t\t<\/div>\n\t\t\t\t\t\t\t\t\t\t\t<div class=\"price-style\">\n\t\t\t\t\t\t\t\t\t\t\t\t\n\t\t\t\t\t\t<div class=\"month-price\">\n\t\t\t\t\t\t\t<p>pln<\/p><span>5000<\/span>\n\t\t\t\t\t\t<\/div>\n\t\t\t\t\t\t\t\t\t\t\t<\/div>\n\t\t\t\t\t\t\t\t\t\t\t\t<a class=\"banner-button btn btn-primary\" href=\"#\" target=\"\">\n\t\t\t\t\t\t\tzarezerwuj\t\t\t\t\t\t<\/a>\n\t\t\t\t\t\t\t\t\t\t<div class=\"pricing-body\">\n\t\t\t\t\t\t<ul class=\"pricing-features\">\n\t\t\t\t\t\t\t <li> do 14 godzin reporta\u017cu <\/li> <li> kr\u00f3tka sesja w dniu \u015blubu <\/li> <li> sesja portretowa i zdj\u0119cia grupowe <\/li> <li> plener w innym dniu <\/li> <li> 750 zdj\u0119\u0107 w formie cyfrowej <\/li> <li> galeria on -line <\/li> <li>  fotoksi\u0105\u017cka <\/li> <li> dron w plenerze <\/li>\t\t\t\t\t\t<\/ul>\n\t\t\t\t\t<\/div>\n\t\t\t\t<\/li>\n\t\t\t\t<!-- Year -->\n\t\t\t\t<li data-type=\"yearly\" class=\"is-hidden year\">\n\t\t\t\t\t\t\t\t\t\t<div class=\"tt-feature-box-containt\">\n\t\t\t\t\t\t\t\t\t\t\t\t\t<h4 class=\"tt-feature-box-title\">Plan 3 -Reporta\u017c - plener-abum-dron<\/h4>\n\t\t\t\t\t\t\t\t\t\t\t\t\t\t\t\t\t\t\t<p>plan zawiera do 14 godzin pracy, sesj\u0119 plenerow\u0105 w innym dniu, album i dron <\/p>\n\t\t\t\t\t\t\t\t\t\t\t<\/div>\n\t\t\t\t\t\t\t\t\t\t\t\t\t<div class=\"price-style\">\n\t\t\t\t\t\t\t\t\t\t\t\t\t\t\t<div class=\"year-price\">\n\t\t\t\t\t\t\t\t\t<p>$<\/p><span>999<\/span>\n\t\t\t\t\t\t\t\t<\/div>\n\t\t\t\t\t\t\t\t\t\t\t\t\t\t\t<\/div>\n\t\t\t\t\t\t\t\t\t\t\t\t\t\t<a class=\"banner-button btn btn-primary\" href=\"#\" target=\"\">\n\t\t\t\t\t\t\t\tzarezerwuj\t\t\t\t\t\t\t<\/a>\n\t\t\t\t\t\t\t\t\t\t<div class=\"pricing-body\">\n\t\t\t\t\t\t<ul class=\"pricing-features\">\n\t\t\t\t\t\t\t <li> do 14 godzin reporta\u017cu <\/li> <li> kr\u00f3tka sesja w dniu \u015blubu <\/li> <li> sesja portretowa i zdj\u0119cia grupowe <\/li> <li> plener w innym dniu <\/li> <li> 750 zdj\u0119\u0107 w formie cyfrowej <\/li> <li> galeria on -line <\/li> <li>  fotoksi\u0105\u017cka <\/li> <li> dron w plenerze <\/li>\t\t\t\t\t\t<\/ul>\n\t\t\t\t\t<\/div>\n\t\t\t\t<\/li>\n\t\t\t<\/ul>\t\t<\/div>\n\n\t\t\t\t\t\t<\/div>\n\t\t\t\t<\/div>\n\t\t\t\t<\/div>\n\t\t<div class=\"elementor-element elementor-element-277c402d e-con-full e-flex jltma-glass-effect-no e-con e-child\" data-id=\"277c402d\" data-element_type=\"container\">\n\t\t\t\t<\/div>\n\t\t\t\t<\/div>\n\t\t\t\t<\/div>\n\t\t\t\t<\/div>\n\t\t","protected":false},"excerpt":{"rendered":"<p>Plan III Ten pakiet jest dla par, kt\u00f3re chc\u0105 otrzyma\u0107 najbardziej kompletn\u0105 i dopracowan\u0105 pami\u0105tk\u0119 ze swojego \u015blubu, bez kompromis\u00f3w [&hellip;]<\/p>\n","protected":false},"author":1,"featured_media":0,"parent":0,"menu_order":0,"comment_status":"closed","ping_status":"closed","template":"","meta":{"footnotes":""},"class_list":["post-13193","page","type-page","status-publish","hentry"],"_links":{"self":[{"href":"https:\/\/www.arekdrozdek.com\/index.php\/wp-json\/wp\/v2\/pages\/13193","targetHints":{"allow":["GET"]}}],"collection":[{"href":"https:\/\/www.arekdrozdek.com\/index.php\/wp-json\/wp\/v2\/pages"}],"about":[{"href":"https:\/\/www.arekdrozdek.com\/index.php\/wp-json\/wp\/v2\/types\/page"}],"author":[{"embeddable":true,"href":"https:\/\/www.arekdrozdek.com\/index.php\/wp-json\/wp\/v2\/users\/1"}],"replies":[{"embeddable":true,"href":"https:\/\/www.arekdrozdek.com\/index.php\/wp-json\/wp\/v2\/comments?post=13193"}],"version-history":[{"count":16,"href":"https:\/\/www.arekdrozdek.com\/index.php\/wp-json\/wp\/v2\/pages\/13193\/revisions"}],"predecessor-version":[{"id":13325,"href":"https:\/\/www.arekdrozdek.com\/index.php\/wp-json\/wp\/v2\/pages\/13193\/revisions\/13325"}],"wp:attachment":[{"href":"https:\/\/www.arekdrozdek.com\/index.php\/wp-json\/wp\/v2\/media?parent=13193"}],"curies":[{"name":"wp","href":"https:\/\/api.w.org\/{rel}","templated":true}]}}