{"id":3448,"date":"2023-09-02T07:21:41","date_gmt":"2023-09-02T07:21:41","guid":{"rendered":"https:\/\/wordpress.templatetrip.com\/WPTM01\/WPTM001_photobooth\/?page_id=3448"},"modified":"2026-01-20T18:40:34","modified_gmt":"2026-01-20T17:40:34","slug":"contact-us","status":"publish","type":"page","link":"https:\/\/www.arekdrozdek.com\/index.php\/contact-us\/","title":{"rendered":"Contact Us"},"content":{"rendered":"\t\t<div data-elementor-type=\"wp-page\" data-elementor-id=\"3448\" class=\"elementor elementor-3448\">\n\t\t\t\t<div class=\"elementor-element elementor-element-5e67c36 e-flex e-con-boxed jltma-glass-effect-no e-con e-parent\" data-id=\"5e67c36\" data-element_type=\"container\">\n\t\t\t\t\t<div class=\"e-con-inner\">\n\t\t<div class=\"elementor-element elementor-element-6179d654 e-con-full e-flex jltma-glass-effect-no e-con e-child\" data-id=\"6179d654\" data-element_type=\"container\">\n\t\t\t\t<div class=\"elementor-element elementor-element-2339f604 jltma-glass-effect-no elementor-widget elementor-widget-Section Title\" data-id=\"2339f604\" data-element_type=\"widget\" data-widget_type=\"Section Title.default\">\n\t\t\t\t<div class=\"elementor-widget-container\">\n\t\t\t\t\t\t\t<div class=\"tt-section-title start shape-bottom\">\r\n\t\t\t\t\t\t\t\t\t\t<h2 class=\"section-heading\">hej tu Arek<\/h2>\r\n\t\t\t\t\t\t\t\t\t\t<p>Nie tylko fotografuj\u0119 Wasz \u015blub \u2014 zatrzymuj\u0119 emocje i chwile, do kt\u00f3rych b\u0119dziecie wraca\u0107 przez ca\u0142e \u017cycie. Je\u015bli chcecie, by Wasza historia zosta\u0142a opowiedziana prawdziwie i pi\u0119knie, napiszcie do mnie.<\/P>\r\n\t\t\t\t\t<\/div>\r\n\t\t\t\t<\/div>\n\t\t\t\t<\/div>\n\t\t\t\t<\/div>\n\t\t<div class=\"elementor-element elementor-element-289e0d28 e-con-full e-flex jltma-glass-effect-no e-con e-child\" data-id=\"289e0d28\" data-element_type=\"container\">\n\t\t\t\t<div data-jltma-wrapper-link=\"{&quot;url&quot;:&quot;http:\\\/\\\/www.arekdrozdek.com\\\/wp-content\\\/uploads\\\/2026\\\/01\\\/Justyna-i-Dawid-61.jpg&quot;,&quot;is_external&quot;:&quot;&quot;,&quot;nofollow&quot;:&quot;&quot;}\" style=\"cursor: pointer\" class=\"elementor-element elementor-element-67a5c83e jltma-glass-effect-no elementor-widget elementor-widget-image\" data-id=\"67a5c83e\" data-element_type=\"widget\" data-widget_type=\"image.default\">\n\t\t\t\t\t\t\t\t\t\t\t\t\t\t\t<img fetchpriority=\"high\" decoding=\"async\" width=\"640\" height=\"427\" src=\"https:\/\/www.arekdrozdek.com\/wp-content\/uploads\/2026\/01\/Justyna-i-Dawid-61-1024x683.jpg\" class=\"attachment-large size-large wp-image-12634\" alt=\"\" srcset=\"https:\/\/www.arekdrozdek.com\/wp-content\/uploads\/2026\/01\/Justyna-i-Dawid-61-1024x683.jpg 1024w, https:\/\/www.arekdrozdek.com\/wp-content\/uploads\/2026\/01\/Justyna-i-Dawid-61-300x200.jpg 300w, https:\/\/www.arekdrozdek.com\/wp-content\/uploads\/2026\/01\/Justyna-i-Dawid-61-768x512.jpg 768w, https:\/\/www.arekdrozdek.com\/wp-content\/uploads\/2026\/01\/Justyna-i-Dawid-61-1536x1024.jpg 1536w, https:\/\/www.arekdrozdek.com\/wp-content\/uploads\/2026\/01\/Justyna-i-Dawid-61.jpg 1920w\" sizes=\"(max-width: 640px) 100vw, 640px\" \/>\t\t\t\t\t\t\t\t\t\t\t\t\t\t\t<\/div>\n\t\t\t\t<\/div>\n\t\t\t\t\t<\/div>\n\t\t\t\t<\/div>\n\t\t<div class=\"elementor-element elementor-element-42c5cbca e-flex e-con-boxed jltma-glass-effect-no e-con e-parent\" data-id=\"42c5cbca\" data-element_type=\"container\">\n\t\t\t\t\t<div class=\"e-con-inner\">\n\t\t<div class=\"elementor-element elementor-element-457db00d e-con-full e-flex jltma-glass-effect-no e-con e-child\" data-id=\"457db00d\" data-element_type=\"container\">\n\t\t\t\t<div class=\"elementor-element elementor-element-c968bc1 jltma-glass-effect-no elementor-widget elementor-widget-google_maps\" data-id=\"c968bc1\" data-element_type=\"widget\" data-widget_type=\"google_maps.default\">\n\t\t\t\t\t\t\t<div class=\"elementor-custom-embed\">\n\t\t\t<iframe loading=\"lazy\"\n\t\t\t\t\tsrc=\"https:\/\/maps.google.com\/maps?q=Wieliczka%2C%20Kopce%203H&#038;t=m&#038;z=10&#038;output=embed&#038;iwloc=near\"\n\t\t\t\t\ttitle=\"Wieliczka, Kopce 3H\"\n\t\t\t\t\taria-label=\"Wieliczka, Kopce 3H\"\n\t\t\t><\/iframe>\n\t\t<\/div>\n\t\t\t\t\t\t<\/div>\n\t\t\t\t<\/div>\n\t\t<div class=\"elementor-element elementor-element-10ee2444 e-con-full e-flex jltma-glass-effect-no e-con e-child\" data-id=\"10ee2444\" data-element_type=\"container\">\n\t\t\t\t<div class=\"elementor-element elementor-element-79b2dd5a jltma-glass-effect-no elementor-widget elementor-widget-Section Title\" data-id=\"79b2dd5a\" data-element_type=\"widget\" data-widget_type=\"Section Title.default\">\n\t\t\t\t<div class=\"elementor-widget-container\">\n\t\t\t\t\t\t\t<div class=\"tt-section-title center shape-left\">\r\n\t\t\t\t\t\t\t\t\t\t<h2 class=\"section-heading\">Zr\u00f3bmy razem co\u015b, co zostanie z Wami na zawsze.<\/h2>\r\n\t\t\t\t\t\t\t\t<\/div>\r\n\t\t\t\t<\/div>\n\t\t\t\t<\/div>\n\t\t\t\t<div class=\"elementor-element elementor-element-68e14b99 jltma-glass-effect-no elementor-widget elementor-widget-shortcode\" data-id=\"68e14b99\" data-element_type=\"widget\" data-widget_type=\"shortcode.default\">\n\t\t\t\t\t\t\t<div class=\"elementor-shortcode\">\n<div class=\"wpcf7 no-js\" id=\"wpcf7-f6-o1\" lang=\"en-US\" dir=\"ltr\" data-wpcf7-id=\"6\">\n<div class=\"screen-reader-response\"><p role=\"status\" aria-live=\"polite\" aria-atomic=\"true\"><\/p> <ul><\/ul><\/div>\n<form action=\"\/index.php\/wp-json\/wp\/v2\/pages\/3448#wpcf7-f6-o1\" method=\"post\" class=\"wpcf7-form init\" aria-label=\"Contact form\" novalidate=\"novalidate\" data-status=\"init\">\n<fieldset class=\"hidden-fields-container\"><input type=\"hidden\" name=\"_wpcf7\" value=\"6\" \/><input type=\"hidden\" name=\"_wpcf7_version\" value=\"6.1.4\" \/><input type=\"hidden\" name=\"_wpcf7_locale\" value=\"en_US\" \/><input type=\"hidden\" name=\"_wpcf7_unit_tag\" value=\"wpcf7-f6-o1\" \/><input type=\"hidden\" name=\"_wpcf7_container_post\" value=\"0\" \/><input type=\"hidden\" name=\"_wpcf7_posted_data_hash\" value=\"\" \/>\n<\/fieldset>\n<p><label> Twoje imi\u0119<br \/>\n<span class=\"wpcf7-form-control-wrap\" data-name=\"your-name\"><input size=\"40\" maxlength=\"400\" class=\"wpcf7-form-control wpcf7-text wpcf7-validates-as-required\" autocomplete=\"name\" aria-required=\"true\" aria-invalid=\"false\" value=\"\" type=\"text\" name=\"your-name\" \/><\/span> <\/label>\n<\/p>\n<p><label> Tw\u00f3j email<br \/>\n<span class=\"wpcf7-form-control-wrap\" data-name=\"your-email\"><input size=\"40\" maxlength=\"400\" class=\"wpcf7-form-control wpcf7-email wpcf7-validates-as-required wpcf7-text wpcf7-validates-as-email\" autocomplete=\"email\" aria-required=\"true\" aria-invalid=\"false\" value=\"\" type=\"email\" name=\"your-email\" \/><\/span> <\/label>\n<\/p>\n<p><label> Temat<br \/>\n<span class=\"wpcf7-form-control-wrap\" data-name=\"your-subject\"><input size=\"40\" maxlength=\"400\" class=\"wpcf7-form-control wpcf7-text wpcf7-validates-as-required\" aria-required=\"true\" aria-invalid=\"false\" value=\"\" type=\"text\" name=\"your-subject\" \/><\/span> <\/label>\n<\/p>\n<p><label> Twoja wiadomo\u015b\u0107<br \/>\n<span class=\"wpcf7-form-control-wrap\" data-name=\"your-message\"><textarea cols=\"40\" rows=\"10\" maxlength=\"2000\" class=\"wpcf7-form-control wpcf7-textarea\" aria-invalid=\"false\" name=\"your-message\"><\/textarea><\/span> <\/label>\n<\/p>\n<p><input class=\"wpcf7-form-control wpcf7-submit has-spinner\" type=\"submit\" value=\"Wy\u015blij\" \/>\n<\/p><p style=\"display: none !important;\" class=\"akismet-fields-container\" data-prefix=\"_wpcf7_ak_\"><label>&#916;<textarea name=\"_wpcf7_ak_hp_textarea\" cols=\"45\" rows=\"8\" maxlength=\"100\"><\/textarea><\/label><input type=\"hidden\" id=\"ak_js_1\" name=\"_wpcf7_ak_js\" value=\"193\"\/><script>document.getElementById( \"ak_js_1\" ).setAttribute( \"value\", ( new Date() ).getTime() );<\/script><\/p><div class=\"wpcf7-response-output\" aria-hidden=\"true\"><\/div>\n<\/form>\n<\/div>\n<\/div>\n\t\t\t\t\t\t<\/div>\n\t\t\t\t<\/div>\n\t\t\t\t\t<\/div>\n\t\t\t\t<\/div>\n\t\t<div class=\"elementor-element elementor-element-ce655a1 e-flex e-con-boxed jltma-glass-effect-no e-con e-parent\" data-id=\"ce655a1\" data-element_type=\"container\">\n\t\t\t\t\t<div class=\"e-con-inner\">\n\t\t\t\t<div class=\"elementor-element elementor-element-d669cd4 jltma-glass-effect-no elementor-widget elementor-widget-Section Title\" data-id=\"d669cd4\" data-element_type=\"widget\" data-widget_type=\"Section Title.default\">\n\t\t\t\t<div class=\"elementor-widget-container\">\n\t\t\t\t\t\t\t<div class=\"tt-section-title center shape-bottom\">\r\n\t\t\t\t\t\t\t\t\t\t<h4 class=\"section-heading\">lub zadzwo\u0144<\/h4>\r\n\t\t\t\t\t\t\t\t\t\t<p>509-269-568<\/P>\r\n\t\t\t\t\t<\/div>\r\n\t\t\t\t<\/div>\n\t\t\t\t<\/div>\n\t\t\t\t\t<\/div>\n\t\t\t\t<\/div>\n\t\t\t\t<\/div>\n\t\t","protected":false},"excerpt":{"rendered":"<p>hej tu Arek Nie tylko fotografuj\u0119 Wasz \u015blub \u2014 zatrzymuj\u0119 emocje i chwile, do kt\u00f3rych b\u0119dziecie wraca\u0107 przez ca\u0142e \u017cycie. [&hellip;]<\/p>\n","protected":false},"author":1,"featured_media":0,"parent":0,"menu_order":0,"comment_status":"closed","ping_status":"closed","template":"","meta":{"footnotes":""},"class_list":["post-3448","page","type-page","status-publish","hentry"],"_links":{"self":[{"href":"https:\/\/www.arekdrozdek.com\/index.php\/wp-json\/wp\/v2\/pages\/3448","targetHints":{"allow":["GET"]}}],"collection":[{"href":"https:\/\/www.arekdrozdek.com\/index.php\/wp-json\/wp\/v2\/pages"}],"about":[{"href":"https:\/\/www.arekdrozdek.com\/index.php\/wp-json\/wp\/v2\/types\/page"}],"author":[{"embeddable":true,"href":"https:\/\/www.arekdrozdek.com\/index.php\/wp-json\/wp\/v2\/users\/1"}],"replies":[{"embeddable":true,"href":"https:\/\/www.arekdrozdek.com\/index.php\/wp-json\/wp\/v2\/comments?post=3448"}],"version-history":[{"count":23,"href":"https:\/\/www.arekdrozdek.com\/index.php\/wp-json\/wp\/v2\/pages\/3448\/revisions"}],"predecessor-version":[{"id":13328,"href":"https:\/\/www.arekdrozdek.com\/index.php\/wp-json\/wp\/v2\/pages\/3448\/revisions\/13328"}],"wp:attachment":[{"href":"https:\/\/www.arekdrozdek.com\/index.php\/wp-json\/wp\/v2\/media?parent=3448"}],"curies":[{"name":"wp","href":"https:\/\/api.w.org\/{rel}","templated":true}]}}