{"id":3506,"date":"2023-09-04T03:58:52","date_gmt":"2023-09-04T03:58:52","guid":{"rendered":"https:\/\/wordpress.templatetrip.com\/WPTM01\/WPTM001_photobooth\/?page_id=3506"},"modified":"2026-01-20T18:27:20","modified_gmt":"2026-01-20T17:27:20","slug":"oferta-1","status":"publish","type":"page","link":"https:\/\/www.arekdrozdek.com\/index.php\/oferta-1\/","title":{"rendered":"Oferta 1"},"content":{"rendered":"\t\t<div data-elementor-type=\"wp-page\" data-elementor-id=\"3506\" class=\"elementor elementor-3506\">\n\t\t\t\t<div class=\"elementor-element elementor-element-2cf162df e-flex e-con-boxed jltma-glass-effect-no e-con e-parent\" data-id=\"2cf162df\" data-element_type=\"container\">\n\t\t\t\t\t<div class=\"e-con-inner\">\n\t\t<div class=\"elementor-element elementor-element-7581d855 e-con-full e-flex jltma-glass-effect-no e-con e-child\" data-id=\"7581d855\" data-element_type=\"container\">\n\t\t\t\t<div class=\"elementor-element elementor-element-7f33653f jltma-glass-effect-no elementor-widget elementor-widget-Section Title\" data-id=\"7f33653f\" data-element_type=\"widget\" data-widget_type=\"Section Title.default\">\n\t\t\t\t<div class=\"elementor-widget-container\">\n\t\t\t\t\t\t\t<div class=\"tt-section-title start shape-bottom\">\r\n\t\t\t\t\t\t\t\t\t\t<h2 class=\"section-heading\">Plan I<\/h2>\r\n\t\t\t\t\t\t\t\t\t\t<p>Pakiet zosta\u0142 stworzony dla par, kt\u00f3re chc\u0105 zachowa\u0107 kompletn\u0105 i sp\u00f3jn\u0105 histori\u0119 dnia \u015blubu bez po\u015bpiechu i kompromis\u00f3w. Reporta\u017c do 8 godzin obejmuje najwa\u017cniejsze momenty \u2013 od przygotowa\u0144 i ceremonii po \u017cyczenia oraz pocz\u0105tek wesela \u2013 tworz\u0105c pe\u0142n\u0105 opowie\u015b\u0107 zamiast pojedynczych kadr\u00f3w. Kr\u00f3tka sesja w dniu \u015blubu pozwala uchwyci\u0107 naturalne emocje w swobodnej atmosferze. Minimum 350 starannie wyselekcjonowanych i obrobionych zdj\u0119\u0107 w wersji cyfrowej, wygodna galeria online oraz elegancka fotoksi\u0105\u017cka sk\u0142adaj\u0105 si\u0119 na dopracowany, ponadczasowy zestaw, do kt\u00f3rego mo\u017cna wraca\u0107 przez lata.<\/P>\r\n\t\t\t\t\t<\/div>\r\n\t\t\t\t<\/div>\n\t\t\t\t<\/div>\n\t\t\t\t<div data-jltma-wrapper-link=\"{&quot;url&quot;:&quot;https:\\\/\\\/www.arekdrozdek.com\\\/index.php\\\/contact-us\\\/&quot;,&quot;is_external&quot;:&quot;&quot;,&quot;nofollow&quot;:&quot;&quot;}\" style=\"cursor: pointer\" class=\"elementor-element elementor-element-32b5385a btn btn-secondary jltma-glass-effect-no elementor-widget elementor-widget-button\" data-id=\"32b5385a\" data-element_type=\"widget\" data-widget_type=\"button.default\">\n\t\t\t\t\t\t\t\t\t\t<a class=\"elementor-button elementor-button-link elementor-size-sm\" href=\"#\">\n\t\t\t\t\t\t<span class=\"elementor-button-content-wrapper\">\n\t\t\t\t\t\t\t\t\t<span class=\"elementor-button-text\">zarezerwuj<\/span>\n\t\t\t\t\t<\/span>\n\t\t\t\t\t<\/a>\n\t\t\t\t\t\t\t\t<\/div>\n\t\t\t\t<\/div>\n\t\t<div class=\"elementor-element elementor-element-1ac51626 e-con-full e-flex jltma-glass-effect-no e-con e-child\" data-id=\"1ac51626\" data-element_type=\"container\">\n\t\t<div class=\"elementor-element elementor-element-375a52c9 e-con-full hover-img e-flex jltma-glass-effect-no e-con e-child\" data-id=\"375a52c9\" data-element_type=\"container\">\n\t\t<div class=\"elementor-element elementor-element-39570525 e-con-full e-flex jltma-glass-effect-no e-con e-child\" data-id=\"39570525\" data-element_type=\"container\">\n\t\t\t\t<div class=\"elementor-element elementor-element-55ae383e jltma-glass-effect-no elementor-widget elementor-widget-image\" data-id=\"55ae383e\" data-element_type=\"widget\" data-widget_type=\"image.default\">\n\t\t\t\t\t\t\t\t\t\t\t\t\t\t\t<img fetchpriority=\"high\" decoding=\"async\" width=\"640\" height=\"960\" src=\"https:\/\/www.arekdrozdek.com\/wp-content\/uploads\/2026\/01\/SylwiaMikolaj-334-683x1024.jpg\" class=\"attachment-large size-large wp-image-12740\" alt=\"\" srcset=\"https:\/\/www.arekdrozdek.com\/wp-content\/uploads\/2026\/01\/SylwiaMikolaj-334-683x1024.jpg 683w, https:\/\/www.arekdrozdek.com\/wp-content\/uploads\/2026\/01\/SylwiaMikolaj-334-200x300.jpg 200w, https:\/\/www.arekdrozdek.com\/wp-content\/uploads\/2026\/01\/SylwiaMikolaj-334-768x1152.jpg 768w, https:\/\/www.arekdrozdek.com\/wp-content\/uploads\/2026\/01\/SylwiaMikolaj-334-1024x1536.jpg 1024w, https:\/\/www.arekdrozdek.com\/wp-content\/uploads\/2026\/01\/SylwiaMikolaj-334-1365x2048.jpg 1365w, https:\/\/www.arekdrozdek.com\/wp-content\/uploads\/2026\/01\/SylwiaMikolaj-334-scaled.jpg 1707w\" sizes=\"(max-width: 640px) 100vw, 640px\" \/>\t\t\t\t\t\t\t\t\t\t\t\t\t\t\t<\/div>\n\t\t\t\t<\/div>\n\t\t\t\t<\/div>\n\t\t\t\t<\/div>\n\t\t\t\t\t<\/div>\n\t\t\t\t<\/div>\n\t\t<div class=\"elementor-element elementor-element-78b1ca84 section-bg-color e-con-full e-flex jltma-glass-effect-no e-con e-parent\" data-id=\"78b1ca84\" data-element_type=\"container\">\n\t\t<div class=\"elementor-element elementor-element-7e601d98 e-con-full e-flex jltma-glass-effect-no e-con e-child\" data-id=\"7e601d98\" data-element_type=\"container\">\n\t\t<div class=\"elementor-element elementor-element-2ee89d06 e-con-full e-flex jltma-glass-effect-no e-con e-child\" data-id=\"2ee89d06\" data-element_type=\"container\">\n\t\t\t\t<\/div>\n\t\t<div class=\"elementor-element elementor-element-7a0a34e5 e-con-full e-flex jltma-glass-effect-no e-con e-child\" data-id=\"7a0a34e5\" data-element_type=\"container\">\n\t\t\t\t<div data-jltma-wrapper-link=\"{&quot;url&quot;:&quot;https:\\\/\\\/www.arekdrozdek.com\\\/index.php\\\/contact-us\\\/&quot;,&quot;is_external&quot;:&quot;&quot;,&quot;nofollow&quot;:&quot;&quot;}\" style=\"cursor: pointer\" class=\"elementor-element elementor-element-f95970c jltma-glass-effect-no elementor-widget elementor-widget-Price Table\" data-id=\"f95970c\" data-element_type=\"widget\" data-widget_type=\"Price Table.default\">\n\t\t\t\t<div class=\"elementor-widget-container\">\n\t\t\t\t\t\n\t\t<div class=\"pricing-list bounce-invert price-style-2\">\n\t\t\t\t\t\t<ul class=\"pricing-wrapper\">\n\t\t\t\t<!-- Month -->\n\t\t\t\t<li data-type=\"monthly\" class=\"is-visible month\">\n\t\t\t\t\t\t\t\t\t\t<div class=\"tt-feature-box-containt\">\n\t\t\t\t\t\t\t\t\t\t\t\t\t<h4 class=\"tt-feature-box-title\">Plan 1         -            Reporta\u017c skr\u00f3cony <\/h4>\n\t\t\t\t\t\t\t\t\t\t\t\t\t\t\t\t\t\t\t<p>plan zawiera 8 godzin pracy oraz sesj\u0119 plenerow\u0105 w tym samym dniu<\/p>\n\t\t\t\t\t\t\t\t\t\t\t<\/div>\n\t\t\t\t\t\t\t\t\t\t\t<div class=\"price-style\">\n\t\t\t\t\t\t\t\t\t\t\t\t\n\t\t\t\t\t\t<div class=\"month-price\">\n\t\t\t\t\t\t\t<p>pln<\/p><span>4200<\/span>\n\t\t\t\t\t\t<\/div>\n\t\t\t\t\t\t\t\t\t\t\t<\/div>\n\t\t\t\t\t\t\t\t\t\t\t\t<a class=\"banner-button btn btn-primary\" href=\"#\" target=\"\">\n\t\t\t\t\t\t\tzarezerwuj\t\t\t\t\t\t<\/a>\n\t\t\t\t\t\t\t\t\t\t<div class=\"pricing-body\">\n\t\t\t\t\t\t<ul class=\"pricing-features\">\n\t\t\t\t\t\t\t <li> do 8  godzin reporta\u017cu <\/li> <li> kr\u00f3tka sesja w dniu \u015blubu, <\/li> <li> min. 350 zdj\u0119\u0107  w formie cyfrowej <\/li> <li> galeria on -line <\/li> <li> fotoksi\u0105\u017cka <\/li>\t\t\t\t\t\t<\/ul>\n\t\t\t\t\t<\/div>\n\t\t\t\t<\/li>\n\t\t\t\t<!-- Year -->\n\t\t\t\t<li data-type=\"yearly\" class=\"is-hidden year\">\n\t\t\t\t\t\t\t\t\t\t<div class=\"tt-feature-box-containt\">\n\t\t\t\t\t\t\t\t\t\t\t\t\t<h4 class=\"tt-feature-box-title\">Plan 1         -            Reporta\u017c skr\u00f3cony <\/h4>\n\t\t\t\t\t\t\t\t\t\t\t\t\t\t\t\t\t\t\t<p>plan zawiera 8 godzin pracy oraz sesj\u0119 plenerow\u0105 w tym samym dniu<\/p>\n\t\t\t\t\t\t\t\t\t\t\t<\/div>\n\t\t\t\t\t\t\t\t\t\t\t\t\t<div class=\"price-style\">\n\t\t\t\t\t\t\t\t\t\t\t\t\t\t\t<div class=\"year-price\">\n\t\t\t\t\t\t\t\t\t<p>$<\/p><span>399<\/span>\n\t\t\t\t\t\t\t\t<\/div>\n\t\t\t\t\t\t\t\t\t\t\t\t\t\t\t<\/div>\n\t\t\t\t\t\t\t\t\t\t\t\t\t\t<a class=\"banner-button btn btn-primary\" href=\"#\" target=\"\">\n\t\t\t\t\t\t\t\tzarezerwuj\t\t\t\t\t\t\t<\/a>\n\t\t\t\t\t\t\t\t\t\t<div class=\"pricing-body\">\n\t\t\t\t\t\t<ul class=\"pricing-features\">\n\t\t\t\t\t\t\t <li> do 8  godzin reporta\u017cu <\/li> <li> kr\u00f3tka sesja w dniu \u015blubu, <\/li> <li> min. 350 zdj\u0119\u0107  w formie cyfrowej <\/li> <li> galeria on -line <\/li> <li> fotoksi\u0105\u017cka <\/li>\t\t\t\t\t\t<\/ul>\n\t\t\t\t\t<\/div>\n\t\t\t\t<\/li>\n\t\t\t<\/ul>\t\t<\/div>\n\n\t\t\t\t\t\t<\/div>\n\t\t\t\t<\/div>\n\t\t\t\t<\/div>\n\t\t<div class=\"elementor-element elementor-element-277c402d e-con-full e-flex jltma-glass-effect-no e-con e-child\" data-id=\"277c402d\" data-element_type=\"container\">\n\t\t\t\t<\/div>\n\t\t\t\t<\/div>\n\t\t\t\t<\/div>\n\t\t\t\t<\/div>\n\t\t","protected":false},"excerpt":{"rendered":"<p>Plan I Pakiet zosta\u0142 stworzony dla par, kt\u00f3re chc\u0105 zachowa\u0107 kompletn\u0105 i sp\u00f3jn\u0105 histori\u0119 dnia \u015blubu bez po\u015bpiechu i kompromis\u00f3w. [&hellip;]<\/p>\n","protected":false},"author":1,"featured_media":0,"parent":0,"menu_order":0,"comment_status":"closed","ping_status":"closed","template":"","meta":{"footnotes":""},"class_list":["post-3506","page","type-page","status-publish","hentry"],"_links":{"self":[{"href":"https:\/\/www.arekdrozdek.com\/index.php\/wp-json\/wp\/v2\/pages\/3506","targetHints":{"allow":["GET"]}}],"collection":[{"href":"https:\/\/www.arekdrozdek.com\/index.php\/wp-json\/wp\/v2\/pages"}],"about":[{"href":"https:\/\/www.arekdrozdek.com\/index.php\/wp-json\/wp\/v2\/types\/page"}],"author":[{"embeddable":true,"href":"https:\/\/www.arekdrozdek.com\/index.php\/wp-json\/wp\/v2\/users\/1"}],"replies":[{"embeddable":true,"href":"https:\/\/www.arekdrozdek.com\/index.php\/wp-json\/wp\/v2\/comments?post=3506"}],"version-history":[{"count":25,"href":"https:\/\/www.arekdrozdek.com\/index.php\/wp-json\/wp\/v2\/pages\/3506\/revisions"}],"predecessor-version":[{"id":13319,"href":"https:\/\/www.arekdrozdek.com\/index.php\/wp-json\/wp\/v2\/pages\/3506\/revisions\/13319"}],"wp:attachment":[{"href":"https:\/\/www.arekdrozdek.com\/index.php\/wp-json\/wp\/v2\/media?parent=3506"}],"curies":[{"name":"wp","href":"https:\/\/api.w.org\/{rel}","templated":true}]}}